{"id":29,"date":"2020-03-02T13:31:08","date_gmt":"2020-03-02T12:31:08","guid":{"rendered":"http:\/\/jardinschoffpfastatt.fr\/?page_id=29"},"modified":"2020-06-22T15:01:43","modified_gmt":"2020-06-22T13:01:43","slug":"colibri-wp","status":"publish","type":"page","link":"https:\/\/jardinschoffpfastatt.fr\/","title":{"rendered":"Front Page"},"content":{"rendered":"\t\t<div data-elementor-type=\"wp-page\" data-elementor-id=\"29\" class=\"elementor elementor-29\">\n\t\t\t\t\t\t<section class=\"elementor-section elementor-top-section elementor-element elementor-element-33efd96 elementor-section-boxed elementor-section-height-default elementor-section-height-default\" data-id=\"33efd96\" data-element_type=\"section\">\n\t\t\t\t\t\t<div class=\"elementor-container elementor-column-gap-default\">\n\t\t\t\t\t<div class=\"elementor-column elementor-col-33 elementor-top-column elementor-element elementor-element-4e1260e\" data-id=\"4e1260e\" data-element_type=\"column\">\n\t\t\t<div class=\"elementor-widget-wrap elementor-element-populated\">\n\t\t\t\t\t\t<div class=\"elementor-element elementor-element-84c809f eael-flipbox-content-align-center elementor-widget elementor-widget-eael-flip-box\" data-id=\"84c809f\" data-element_type=\"widget\" data-widget_type=\"eael-flip-box.default\">\n\t\t\t\t<div class=\"elementor-widget-container\">\n\t\t\t\n        <div class=\"eael-elements-flip-box-container eael-animate-flip eael-animate-left eael-content\">\n\n            <a class=\"eael-elements-flip-box-flip-card\" href=\"http:\/\/jardinschoffpfastatt.fr\/?page_id=58\">\n                <div class=\"eael-elements-flip-box-front-container\">\n\n                    \n                        <div class=\"eael-elements-slider-display-table\">\n                            <div class=\"eael-elements-flip-box-vertical-align\">\n                                <div class=\"eael-elements-flip-box-padding\">\n                                    <div class=\"eael-elements-flip-box-icon-image\">\n                                                                                                                                                                        <\/div>\n                                                                        <h2 class=\"eael-elements-flip-box-heading\">Qui sommes nous ?<\/h2>\n                                                                        <div class=\"eael-elements-flip-box-content\">\n\t                                                                            <p><\/p>                                    <\/div>\n                                <\/div>\n                            <\/div>\n                        <\/div>\n                                    <\/div>\n\n                <div class=\"eael-elements-flip-box-rear-container\">\n\n                                            <div class=\"eael-elements-slider-display-table\">\n                            <div class=\"eael-elements-flip-box-vertical-align\">\n                                <div class=\"eael-elements-flip-box-padding\">\n                                                                            <div class=\"eael-elements-flip-box-icon-image\">\n                                                                                            <\/div>\n                                                                                                            <h2 class=\"eael-elements-flip-box-heading\">Qui sommes nous ?<\/h2>\n                                                                        <div class=\"eael-elements-flip-box-content\">\n                                                                                <p><span style=\"color: #ffffff;\">Plus d'informations<\/span><\/p>                                    <\/div>\n\n                                                                    <\/div>\n                            <\/div>\n                        <\/div>\n                                    <\/div>\n            <\/a>\n        <\/div>\n\n\t\t<\/div>\n\t\t\t\t<\/div>\n\t\t\t\t\t<\/div>\n\t\t<\/div>\n\t\t\t\t<div class=\"elementor-column elementor-col-33 elementor-top-column elementor-element elementor-element-00d7a11\" data-id=\"00d7a11\" data-element_type=\"column\">\n\t\t\t<div class=\"elementor-widget-wrap elementor-element-populated\">\n\t\t\t\t\t\t<div class=\"elementor-element elementor-element-d466835 eael-flipbox-content-align-center elementor-widget elementor-widget-eael-flip-box\" data-id=\"d466835\" data-element_type=\"widget\" data-widget_type=\"eael-flip-box.default\">\n\t\t\t\t<div class=\"elementor-widget-container\">\n\t\t\t\n        <div class=\"eael-elements-flip-box-container eael-animate-flip eael-animate-left eael-content\">\n\n            <a class=\"eael-elements-flip-box-flip-card\" href=\"http:\/\/jardinschoffpfastatt.fr\/?page_id=81\">\n                <div class=\"eael-elements-flip-box-front-container\">\n\n                    \n                        <div class=\"eael-elements-slider-display-table\">\n                            <div class=\"eael-elements-flip-box-vertical-align\">\n                                <div class=\"eael-elements-flip-box-padding\">\n                                    <div class=\"eael-elements-flip-box-icon-image\">\n                                                                                                                                                                        <\/div>\n                                                                        <h2 class=\"eael-elements-flip-box-heading\">Attribution d'un jardin<\/h2>\n                                                                        <div class=\"eael-elements-flip-box-content\">\n\t                                                                            <p><\/p>                                    <\/div>\n                                <\/div>\n                            <\/div>\n                        <\/div>\n                                    <\/div>\n\n                <div class=\"eael-elements-flip-box-rear-container\">\n\n                                            <div class=\"eael-elements-slider-display-table\">\n                            <div class=\"eael-elements-flip-box-vertical-align\">\n                                <div class=\"eael-elements-flip-box-padding\">\n                                                                            <div class=\"eael-elements-flip-box-icon-image\">\n                                                                                            <\/div>\n                                                                                                            <h2 class=\"eael-elements-flip-box-heading\">Attribution d'un jardin<\/h2>\n                                                                        <div class=\"eael-elements-flip-box-content\">\n                                                                                <p><span style=\"color: #ffffff;\">Plus d'informations<\/span><\/p>                                    <\/div>\n\n                                                                    <\/div>\n                            <\/div>\n                        <\/div>\n                                    <\/div>\n            <\/a>\n        <\/div>\n\n\t\t<\/div>\n\t\t\t\t<\/div>\n\t\t\t\t\t<\/div>\n\t\t<\/div>\n\t\t\t\t<div class=\"elementor-column elementor-col-33 elementor-top-column elementor-element elementor-element-3cb0017\" data-id=\"3cb0017\" data-element_type=\"column\">\n\t\t\t<div class=\"elementor-widget-wrap elementor-element-populated\">\n\t\t\t\t\t\t<div class=\"elementor-element elementor-element-9d4db39 eael-flipbox-content-align-center elementor-widget elementor-widget-eael-flip-box\" data-id=\"9d4db39\" data-element_type=\"widget\" data-widget_type=\"eael-flip-box.default\">\n\t\t\t\t<div class=\"elementor-widget-container\">\n\t\t\t\n        <div class=\"eael-elements-flip-box-container eael-animate-flip eael-animate-left eael-content\">\n\n            <a class=\"eael-elements-flip-box-flip-card\" href=\"http:\/\/jardinschoffpfastatt.fr\/?page_id=84\">\n                <div class=\"eael-elements-flip-box-front-container\">\n\n                    \n                        <div class=\"eael-elements-slider-display-table\">\n                            <div class=\"eael-elements-flip-box-vertical-align\">\n                                <div class=\"eael-elements-flip-box-padding\">\n                                    <div class=\"eael-elements-flip-box-icon-image\">\n                                                                                                                                                                        <\/div>\n                                                                        <h2 class=\"eael-elements-flip-box-heading\">Le jardinage<\/h2>\n                                                                        <div class=\"eael-elements-flip-box-content\">\n\t                                                                            <p><\/p>                                    <\/div>\n                                <\/div>\n                            <\/div>\n                        <\/div>\n                                    <\/div>\n\n                <div class=\"eael-elements-flip-box-rear-container\">\n\n                                            <div class=\"eael-elements-slider-display-table\">\n                            <div class=\"eael-elements-flip-box-vertical-align\">\n                                <div class=\"eael-elements-flip-box-padding\">\n                                                                            <div class=\"eael-elements-flip-box-icon-image\">\n                                                                                            <\/div>\n                                                                                                            <h2 class=\"eael-elements-flip-box-heading\">Le jardinage<\/h2>\n                                                                        <div class=\"eael-elements-flip-box-content\">\n                                                                                <p><span style=\"color: #ffffff;\">Plus d'informations<\/span><\/p>                                    <\/div>\n\n                                                                    <\/div>\n                            <\/div>\n                        <\/div>\n                                    <\/div>\n            <\/a>\n        <\/div>\n\n\t\t<\/div>\n\t\t\t\t<\/div>\n\t\t\t\t\t<\/div>\n\t\t<\/div>\n\t\t\t\t\t<\/div>\n\t\t<\/section>\n\t\t\t\t<section class=\"elementor-section elementor-top-section elementor-element elementor-element-6c99ea4 elementor-section-boxed elementor-section-height-default elementor-section-height-default\" data-id=\"6c99ea4\" data-element_type=\"section\">\n\t\t\t\t\t\t<div class=\"elementor-container elementor-column-gap-default\">\n\t\t\t\t\t<div class=\"elementor-column elementor-col-33 elementor-top-column elementor-element elementor-element-94444b6\" data-id=\"94444b6\" data-element_type=\"column\">\n\t\t\t<div class=\"elementor-widget-wrap elementor-element-populated\">\n\t\t\t\t\t\t<div class=\"elementor-element elementor-element-efd9a0d eael-flipbox-content-align-center elementor-widget elementor-widget-eael-flip-box\" data-id=\"efd9a0d\" data-element_type=\"widget\" data-widget_type=\"eael-flip-box.default\">\n\t\t\t\t<div class=\"elementor-widget-container\">\n\t\t\t\n        <div class=\"eael-elements-flip-box-container eael-animate-flip eael-animate-left eael-content\">\n\n            <a class=\"eael-elements-flip-box-flip-card\" href=\"http:\/\/jardinschoffpfastatt.fr\/?page_id=65\">\n                <div class=\"eael-elements-flip-box-front-container\">\n\n                    \n                        <div class=\"eael-elements-slider-display-table\">\n                            <div class=\"eael-elements-flip-box-vertical-align\">\n                                <div class=\"eael-elements-flip-box-padding\">\n                                    <div class=\"eael-elements-flip-box-icon-image\">\n                                                                                                                                                                        <\/div>\n                                                                        <h2 class=\"eael-elements-flip-box-heading\">Concours des jardins<\/h2>\n                                                                        <div class=\"eael-elements-flip-box-content\">\n\t                                                                            <p><\/p>                                    <\/div>\n                                <\/div>\n                            <\/div>\n                        <\/div>\n                                    <\/div>\n\n                <div class=\"eael-elements-flip-box-rear-container\">\n\n                                            <div class=\"eael-elements-slider-display-table\">\n                            <div class=\"eael-elements-flip-box-vertical-align\">\n                                <div class=\"eael-elements-flip-box-padding\">\n                                                                            <div class=\"eael-elements-flip-box-icon-image\">\n                                                                                            <\/div>\n                                                                                                            <h2 class=\"eael-elements-flip-box-heading\">Concours des jardins<\/h2>\n                                                                        <div class=\"eael-elements-flip-box-content\">\n                                                                                <p><span style=\"color: #ffffff;\">Plus d'informations<\/span><\/p>                                    <\/div>\n\n                                                                    <\/div>\n                            <\/div>\n                        <\/div>\n                                    <\/div>\n            <\/a>\n        <\/div>\n\n\t\t<\/div>\n\t\t\t\t<\/div>\n\t\t\t\t\t<\/div>\n\t\t<\/div>\n\t\t\t\t<div class=\"elementor-column elementor-col-33 elementor-top-column elementor-element elementor-element-fab93ca\" data-id=\"fab93ca\" data-element_type=\"column\">\n\t\t\t<div class=\"elementor-widget-wrap elementor-element-populated\">\n\t\t\t\t\t\t<div class=\"elementor-element elementor-element-1ee765d eael-flipbox-content-align-center elementor-widget elementor-widget-eael-flip-box\" data-id=\"1ee765d\" data-element_type=\"widget\" data-widget_type=\"eael-flip-box.default\">\n\t\t\t\t<div class=\"elementor-widget-container\">\n\t\t\t\n        <div class=\"eael-elements-flip-box-container eael-animate-flip eael-animate-left eael-content\">\n\n            <a class=\"eael-elements-flip-box-flip-card\" href=\"http:\/\/jardinschoffpfastatt.fr\/?page_id=89\">\n                <div class=\"eael-elements-flip-box-front-container\">\n\n                    \n                        <div class=\"eael-elements-slider-display-table\">\n                            <div class=\"eael-elements-flip-box-vertical-align\">\n                                <div class=\"eael-elements-flip-box-padding\">\n                                    <div class=\"eael-elements-flip-box-icon-image\">\n                                                                                                                                                                        <\/div>\n                                                                        <h2 class=\"eael-elements-flip-box-heading\">Reportages<\/h2>\n                                                                        <div class=\"eael-elements-flip-box-content\">\n\t                                                                            <p><\/p>                                    <\/div>\n                                <\/div>\n                            <\/div>\n                        <\/div>\n                                    <\/div>\n\n                <div class=\"eael-elements-flip-box-rear-container\">\n\n                                            <div class=\"eael-elements-slider-display-table\">\n                            <div class=\"eael-elements-flip-box-vertical-align\">\n                                <div class=\"eael-elements-flip-box-padding\">\n                                                                            <div class=\"eael-elements-flip-box-icon-image\">\n                                                                                            <\/div>\n                                                                                                            <h2 class=\"eael-elements-flip-box-heading\">Reportages<\/h2>\n                                                                        <div class=\"eael-elements-flip-box-content\">\n                                                                                <p><span style=\"color: #ffffff;\">Plus d'informations<\/span><\/p>                                    <\/div>\n\n                                                                    <\/div>\n                            <\/div>\n                        <\/div>\n                                    <\/div>\n            <\/a>\n        <\/div>\n\n\t\t<\/div>\n\t\t\t\t<\/div>\n\t\t\t\t\t<\/div>\n\t\t<\/div>\n\t\t\t\t<div class=\"elementor-column elementor-col-33 elementor-top-column elementor-element elementor-element-26e55a7\" data-id=\"26e55a7\" data-element_type=\"column\">\n\t\t\t<div class=\"elementor-widget-wrap elementor-element-populated\">\n\t\t\t\t\t\t<div class=\"elementor-element elementor-element-085a59f eael-flipbox-content-align-center elementor-widget elementor-widget-eael-flip-box\" data-id=\"085a59f\" data-element_type=\"widget\" data-widget_type=\"eael-flip-box.default\">\n\t\t\t\t<div class=\"elementor-widget-container\">\n\t\t\t\n        <div class=\"eael-elements-flip-box-container eael-animate-flip eael-animate-left eael-content\">\n\n            <a class=\"eael-elements-flip-box-flip-card\" href=\"http:\/\/jardinschoffpfastatt.fr\/?page_id=71\">\n                <div class=\"eael-elements-flip-box-front-container\">\n\n                    \n                        <div class=\"eael-elements-slider-display-table\">\n                            <div class=\"eael-elements-flip-box-vertical-align\">\n                                <div class=\"eael-elements-flip-box-padding\">\n                                    <div class=\"eael-elements-flip-box-icon-image\">\n                                                                                                                                                                        <\/div>\n                                                                        <h2 class=\"eael-elements-flip-box-heading\">Calendrier<\/h2>\n                                                                        <div class=\"eael-elements-flip-box-content\">\n\t                                                                            <p><\/p>                                    <\/div>\n                                <\/div>\n                            <\/div>\n                        <\/div>\n                                    <\/div>\n\n                <div class=\"eael-elements-flip-box-rear-container\">\n\n                                            <div class=\"eael-elements-slider-display-table\">\n                            <div class=\"eael-elements-flip-box-vertical-align\">\n                                <div class=\"eael-elements-flip-box-padding\">\n                                                                            <div class=\"eael-elements-flip-box-icon-image\">\n                                                                                            <\/div>\n                                                                                                            <h2 class=\"eael-elements-flip-box-heading\">Calendrier<\/h2>\n                                                                        <div class=\"eael-elements-flip-box-content\">\n                                                                                <p><span style=\"color: #ffffff;\">Plus d'informations<\/span><\/p>                                    <\/div>\n\n                                                                    <\/div>\n                            <\/div>\n                        <\/div>\n                                    <\/div>\n            <\/a>\n        <\/div>\n\n\t\t<\/div>\n\t\t\t\t<\/div>\n\t\t\t\t\t<\/div>\n\t\t<\/div>\n\t\t\t\t\t<\/div>\n\t\t<\/section>\n\t\t\t\t<section class=\"elementor-section elementor-top-section elementor-element elementor-element-2e89a84 elementor-section-boxed elementor-section-height-default elementor-section-height-default\" data-id=\"2e89a84\" data-element_type=\"section\">\n\t\t\t\t\t\t<div class=\"elementor-container elementor-column-gap-default\">\n\t\t\t\t\t<div class=\"elementor-column elementor-col-100 elementor-top-column elementor-element elementor-element-b1f1753\" data-id=\"b1f1753\" data-element_type=\"column\">\n\t\t\t<div class=\"elementor-widget-wrap elementor-element-populated\">\n\t\t\t\t\t\t<div class=\"elementor-element elementor-element-cd63ca6 eael-dual-header-content-align-center elementor-widget elementor-widget-eael-dual-color-header\" data-id=\"cd63ca6\" data-element_type=\"widget\" data-widget_type=\"eael-dual-color-header.default\">\n\t\t\t\t<div class=\"elementor-widget-container\">\n\t\t\t\n\t\t        <div class=\"eael-dual-header\">\n\t\t\t\t<h2 class=\"title\">\n\t\t\t<span  class=\"lead solid-color\">L&#039;\u00e9quipe des<\/span>\n\t\t\t<span>jardins schoff<\/span>\n\t\t<\/h2>\n\t\t\t\t<span class=\"subtext\"><p><span style=\"color: #000000\">Une association compos\u00e9e de b\u00e9n\u00e9voles passionn\u00e9s !<\/span><\/p><\/span>\n\t\t\t\t\t<span class=\"eael-dch-svg-icon\"><i aria-hidden=\"true\" class=\"fas fa-seedling\"><\/i><\/span>\t\t\t\t<\/div>\n\t\n\t\t\n\t\t\n\t\t\n\t\t\t\t<\/div>\n\t\t\t\t<\/div>\n\t\t\t\t\t<\/div>\n\t\t<\/div>\n\t\t\t\t\t<\/div>\n\t\t<\/section>\n\t\t\t\t<\/div>\n\t\t","protected":false},"excerpt":{"rendered":"<p>Portfolio Les r\u00e9coltes de nos jardins. Do you sometimes have the feeling that you\u2019re running into the same obstacles over and over again? Many of my conflicts have the same feel to them, like \u201cHey, I think I\u2019ve been here before\u00a0\u00bb John Doe Company name Do you sometimes have the feeling that you\u2019re running into [&hellip;]<\/p>\n","protected":false},"author":1,"featured_media":0,"parent":0,"menu_order":0,"comment_status":"closed","ping_status":"closed","template":"page-templates\/homepage.php","meta":{"footnotes":""},"class_list":["post-29","page","type-page","status-publish","hentry"],"_links":{"self":[{"href":"https:\/\/jardinschoffpfastatt.fr\/index.php?rest_route=\/wp\/v2\/pages\/29","targetHints":{"allow":["GET"]}}],"collection":[{"href":"https:\/\/jardinschoffpfastatt.fr\/index.php?rest_route=\/wp\/v2\/pages"}],"about":[{"href":"https:\/\/jardinschoffpfastatt.fr\/index.php?rest_route=\/wp\/v2\/types\/page"}],"author":[{"embeddable":true,"href":"https:\/\/jardinschoffpfastatt.fr\/index.php?rest_route=\/wp\/v2\/users\/1"}],"replies":[{"embeddable":true,"href":"https:\/\/jardinschoffpfastatt.fr\/index.php?rest_route=%2Fwp%2Fv2%2Fcomments&post=29"}],"version-history":[{"count":13,"href":"https:\/\/jardinschoffpfastatt.fr\/index.php?rest_route=\/wp\/v2\/pages\/29\/revisions"}],"predecessor-version":[{"id":178,"href":"https:\/\/jardinschoffpfastatt.fr\/index.php?rest_route=\/wp\/v2\/pages\/29\/revisions\/178"}],"wp:attachment":[{"href":"https:\/\/jardinschoffpfastatt.fr\/index.php?rest_route=%2Fwp%2Fv2%2Fmedia&parent=29"}],"curies":[{"name":"wp","href":"https:\/\/api.w.org\/{rel}","templated":true}]}}