{"id":58,"date":"2020-03-02T14:44:08","date_gmt":"2020-03-02T13:44:08","guid":{"rendered":"http:\/\/jardinschoffpfastatt.fr\/?page_id=58"},"modified":"2021-10-05T14:06:50","modified_gmt":"2021-10-05T12:06:50","slug":"qui-sommes-nous","status":"publish","type":"page","link":"https:\/\/jardinschoffpfastatt.fr\/?page_id=58","title":{"rendered":"Qui sommes nous ?"},"content":{"rendered":"\t\t<div data-elementor-type=\"wp-page\" data-elementor-id=\"58\" class=\"elementor elementor-58\">\n\t\t\t\t\t\t<section class=\"elementor-section elementor-top-section elementor-element elementor-element-2327048 elementor-section-boxed elementor-section-height-default elementor-section-height-default\" data-id=\"2327048\" data-element_type=\"section\">\n\t\t\t\t\t\t<div class=\"elementor-container elementor-column-gap-default\">\n\t\t\t\t\t<div class=\"elementor-column elementor-col-100 elementor-top-column elementor-element elementor-element-c8431ab\" data-id=\"c8431ab\" data-element_type=\"column\">\n\t\t\t<div class=\"elementor-widget-wrap elementor-element-populated\">\n\t\t\t\t\t\t<div class=\"elementor-element elementor-element-991b82e elementor-widget elementor-widget-text-editor\" data-id=\"991b82e\" data-element_type=\"widget\" data-widget_type=\"text-editor.default\">\n\t\t\t\t<div class=\"elementor-widget-container\">\n\t\t\t\t\t\t\t<p align=\"center\"><strong><span style=\"font-size: large; color: #000000;\"><span style=\"color: #008000;\">L\u2019historique des<\/span> <span style=\"color: #993300;\">Jardins Schoff.<\/span><\/span><\/strong><\/p><p align=\"left\"><span style=\"font-size: large; color: #000000;\">Le 14 juin 1949 Mme Veuve Marcel Schoff \u00e9pouse d\u2019un industriel de Pfastatt fait la donation d\u2019un terrain de 5 hectares, \u00e0 l\u2019association des Jardins Ouvriers de Pfastatt\u00a0, association cr\u00e9\u00e9e pour assurer la gestion de ce patrimoine.<\/span><\/p><p align=\"left\"><span style=\"font-size: large; color: #000000;\">L\u2019acte notari\u00e9 pr\u00e9cise que ces terrains devront \u00eatre d\u00e9finitivement affect\u00e9s \u00e0 des jardins ouvriers, et conserver \u00e0 l\u2019avenir leur destination, sans pouvoir \u00eatre jamais vendus ou construits.<\/span><\/p><p align=\"center\"><strong><span style=\"font-size: large; color: #000000;\"><span style=\"color: #008000;\">Aujou<\/span><span style=\"color: #993300;\">rd\u2019hui.<\/span><\/span><\/strong><\/p><p align=\"left\"><span style=\"font-size: large; color: #000000;\">Depuis 70 ans l\u2019association devenue Association des jardins familiaux et partag\u00e9s Schoff de Pfastatt, g\u00e8re ce patrimoine, dans l\u2019esprit de sa donatrice\u00a0. <\/span><\/p><p align=\"left\"><span style=\"font-size: large; color: #000000;\">Un comit\u00e9 d\u2019administrateurs b\u00e9n\u00e9voles assurent \u00e0 la fois, les aspects administratifs, et techniques. Les statuts, et le r\u00e8glement int\u00e9rieur, fixent le fonctionnement de l\u2019association. Les cotisations des membres assurent son financement. <\/span><\/p><p align=\"left\"><span style=\"font-size: large; color: #000000;\">Les administrateurs soumettent les comptes financiers aux membres lors de Assembl\u00e9e G\u00e9n\u00e9rale anuelle. Les d\u00e9cisions et orientations concernant l\u2019avenir de l\u2019association sont \u00e9galement prises lors de cette derni\u00e8re.<\/span><\/p><p align=\"left\"><span style=\"color: #000000;\">Nous sommes situ\u00e9s 43 rue de la Libert\u00e9 \u00e0 Pfastatt.<\/span><\/p><p align=\"left\"><span style=\"color: #000000;\">Permanence les samedis de 10h \u00e0 12h.<\/span><\/p><p align=\"left\"><span style=\"color: #000000;\">Notre E-mail: <a href=\"mailto:jardins.schoff.pfastatt@laposte.net\">jardins.schoff.pfastatt@laposte.net<\/a><\/span><\/p>\t\t\t\t\t\t<\/div>\n\t\t\t\t<\/div>\n\t\t\t\t\t<\/div>\n\t\t<\/div>\n\t\t\t\t\t<\/div>\n\t\t<\/section>\n\t\t\t\t<\/div>\n\t\t","protected":false},"excerpt":{"rendered":"<p>L\u2019historique des Jardins Schoff. Le 14 juin 1949 Mme Veuve Marcel Schoff \u00e9pouse d\u2019un industriel de Pfastatt fait la donation d\u2019un terrain de 5 hectares, \u00e0 l\u2019association des Jardins Ouvriers de Pfastatt\u00a0, association cr\u00e9\u00e9e pour assurer la gestion de ce patrimoine. L\u2019acte notari\u00e9 pr\u00e9cise que ces terrains devront \u00eatre d\u00e9finitivement affect\u00e9s \u00e0 des jardins ouvriers, [&hellip;]<\/p>\n","protected":false},"author":1,"featured_media":0,"parent":0,"menu_order":0,"comment_status":"closed","ping_status":"closed","template":"","meta":{"footnotes":""},"class_list":["post-58","page","type-page","status-publish","hentry"],"_links":{"self":[{"href":"https:\/\/jardinschoffpfastatt.fr\/index.php?rest_route=\/wp\/v2\/pages\/58","targetHints":{"allow":["GET"]}}],"collection":[{"href":"https:\/\/jardinschoffpfastatt.fr\/index.php?rest_route=\/wp\/v2\/pages"}],"about":[{"href":"https:\/\/jardinschoffpfastatt.fr\/index.php?rest_route=\/wp\/v2\/types\/page"}],"author":[{"embeddable":true,"href":"https:\/\/jardinschoffpfastatt.fr\/index.php?rest_route=\/wp\/v2\/users\/1"}],"replies":[{"embeddable":true,"href":"https:\/\/jardinschoffpfastatt.fr\/index.php?rest_route=%2Fwp%2Fv2%2Fcomments&post=58"}],"version-history":[{"count":7,"href":"https:\/\/jardinschoffpfastatt.fr\/index.php?rest_route=\/wp\/v2\/pages\/58\/revisions"}],"predecessor-version":[{"id":205,"href":"https:\/\/jardinschoffpfastatt.fr\/index.php?rest_route=\/wp\/v2\/pages\/58\/revisions\/205"}],"wp:attachment":[{"href":"https:\/\/jardinschoffpfastatt.fr\/index.php?rest_route=%2Fwp%2Fv2%2Fmedia&parent=58"}],"curies":[{"name":"wp","href":"https:\/\/api.w.org\/{rel}","templated":true}]}}