{"id":65,"date":"2020-03-02T15:09:58","date_gmt":"2020-03-02T14:09:58","guid":{"rendered":"http:\/\/jardinschoffpfastatt.fr\/?page_id=65"},"modified":"2024-07-26T20:19:32","modified_gmt":"2024-07-26T18:19:32","slug":"concours-des-jardins","status":"publish","type":"page","link":"https:\/\/jardinschoffpfastatt.fr\/?page_id=65","title":{"rendered":"Concours des jardins"},"content":{"rendered":"\t\t<div data-elementor-type=\"wp-page\" data-elementor-id=\"65\" class=\"elementor elementor-65\">\n\t\t\t\t\t\t<section class=\"elementor-section elementor-top-section elementor-element elementor-element-9a0cf89 elementor-section-boxed elementor-section-height-default elementor-section-height-default\" data-id=\"9a0cf89\" data-element_type=\"section\">\n\t\t\t\t\t\t<div class=\"elementor-container elementor-column-gap-default\">\n\t\t\t\t\t<div class=\"elementor-column elementor-col-100 elementor-top-column elementor-element elementor-element-4d08612\" data-id=\"4d08612\" data-element_type=\"column\">\n\t\t\t<div class=\"elementor-widget-wrap elementor-element-populated\">\n\t\t\t\t\t\t<div class=\"elementor-element elementor-element-cb13363 elementor-widget elementor-widget-text-editor\" data-id=\"cb13363\" data-element_type=\"widget\" data-widget_type=\"text-editor.default\">\n\t\t\t\t<div class=\"elementor-widget-container\">\n\t\t\t\t\t\t\t<h4 style=\"text-align: center;\"><span style=\"color: #003300;\"><strong>INFORMATIONS<\/strong><\/span><\/h4><p>\u00a0<\/p><p>Chaque ann\u00e9e un concours des plus beaux jardins est organis\u00e9.<\/p><p>Trois crit\u00e8res : l&rsquo;aspect g\u00e9n\u00e9ral, la vari\u00e9t\u00e9 des l\u00e9gumes, le fleurissement. Le jury charg\u00e9 de noter les jardins est compos\u00e9 de jardiniers ext\u00e9rieurs \u00e0 l&rsquo;association. Les cabanons sont \u00e9galement not\u00e9s, et participent au concours du plus beau cabanon.<\/p>\t\t\t\t\t\t<\/div>\n\t\t\t\t<\/div>\n\t\t\t\t\t<\/div>\n\t\t<\/div>\n\t\t\t\t\t<\/div>\n\t\t<\/section>\n\t\t\t\t<\/div>\n\t\t","protected":false},"excerpt":{"rendered":"<p>INFORMATIONS \u00a0 Chaque ann\u00e9e un concours des plus beaux jardins est organis\u00e9. Trois crit\u00e8res : l&rsquo;aspect g\u00e9n\u00e9ral, la vari\u00e9t\u00e9 des l\u00e9gumes, le fleurissement. Le jury charg\u00e9 de noter les jardins est compos\u00e9 de jardiniers ext\u00e9rieurs \u00e0 l&rsquo;association. Les cabanons sont \u00e9galement not\u00e9s, et participent au concours du plus beau cabanon.<\/p>\n","protected":false},"author":1,"featured_media":0,"parent":0,"menu_order":0,"comment_status":"closed","ping_status":"closed","template":"","meta":{"footnotes":""},"class_list":["post-65","page","type-page","status-publish","hentry"],"_links":{"self":[{"href":"https:\/\/jardinschoffpfastatt.fr\/index.php?rest_route=\/wp\/v2\/pages\/65","targetHints":{"allow":["GET"]}}],"collection":[{"href":"https:\/\/jardinschoffpfastatt.fr\/index.php?rest_route=\/wp\/v2\/pages"}],"about":[{"href":"https:\/\/jardinschoffpfastatt.fr\/index.php?rest_route=\/wp\/v2\/types\/page"}],"author":[{"embeddable":true,"href":"https:\/\/jardinschoffpfastatt.fr\/index.php?rest_route=\/wp\/v2\/users\/1"}],"replies":[{"embeddable":true,"href":"https:\/\/jardinschoffpfastatt.fr\/index.php?rest_route=%2Fwp%2Fv2%2Fcomments&post=65"}],"version-history":[{"count":17,"href":"https:\/\/jardinschoffpfastatt.fr\/index.php?rest_route=\/wp\/v2\/pages\/65\/revisions"}],"predecessor-version":[{"id":256,"href":"https:\/\/jardinschoffpfastatt.fr\/index.php?rest_route=\/wp\/v2\/pages\/65\/revisions\/256"}],"wp:attachment":[{"href":"https:\/\/jardinschoffpfastatt.fr\/index.php?rest_route=%2Fwp%2Fv2%2Fmedia&parent=65"}],"curies":[{"name":"wp","href":"https:\/\/api.w.org\/{rel}","templated":true}]}}