{"id":71,"date":"2024-07-12T16:46:21","date_gmt":"2024-07-12T14:46:21","guid":{"rendered":"http:\/\/jardinschoffpfastatt.fr\/?page_id=71"},"modified":"2024-07-26T20:21:49","modified_gmt":"2024-07-26T18:21:49","slug":"activites","status":"publish","type":"page","link":"https:\/\/jardinschoffpfastatt.fr\/?page_id=71","title":{"rendered":"Activit\u00e9s"},"content":{"rendered":"\t\t<div data-elementor-type=\"wp-page\" data-elementor-id=\"71\" class=\"elementor elementor-71\">\n\t\t\t\t\t\t<section class=\"elementor-section elementor-top-section elementor-element elementor-element-3ab8364 elementor-section-boxed elementor-section-height-default elementor-section-height-default\" data-id=\"3ab8364\" data-element_type=\"section\">\n\t\t\t\t\t\t<div class=\"elementor-container elementor-column-gap-default\">\n\t\t\t\t\t<div class=\"elementor-column elementor-col-33 elementor-top-column elementor-element elementor-element-d006462\" data-id=\"d006462\" data-element_type=\"column\">\n\t\t\t<div class=\"elementor-widget-wrap\">\n\t\t\t\t\t\t\t<\/div>\n\t\t<\/div>\n\t\t\t\t<div class=\"elementor-column elementor-col-33 elementor-top-column elementor-element elementor-element-f1acfe3\" data-id=\"f1acfe3\" data-element_type=\"column\">\n\t\t\t<div class=\"elementor-widget-wrap elementor-element-populated\">\n\t\t\t\t\t\t<div class=\"elementor-element elementor-element-371ccbd ekit-equal-height-disable elementor-widget elementor-widget-elementskit-image-box\" data-id=\"371ccbd\" data-element_type=\"widget\" data-widget_type=\"elementskit-image-box.default\">\n\t\t\t\t<div class=\"elementor-widget-container\">\n\t\t\t<div class=\"ekit-wid-con\" >\n            <div class=\"elementskit-info-image-box ekit-image-box text-center simple-card\" >\n\n                \n                <div class=\"elementskit-box-header image-box-img-center\">\n\n                    <img fetchpriority=\"high\" decoding=\"async\" width=\"436\" height=\"447\" src=\"https:\/\/jardinschoffpfastatt.fr\/wp-content\/uploads\/2020\/03\/cosmos-blanc.jpg\" class=\"attachment-large size-large wp-image-76\" alt=\"\" srcset=\"https:\/\/jardinschoffpfastatt.fr\/wp-content\/uploads\/2020\/03\/cosmos-blanc.jpg 436w, https:\/\/jardinschoffpfastatt.fr\/wp-content\/uploads\/2020\/03\/cosmos-blanc-293x300.jpg 293w\" sizes=\"(max-width: 436px) 100vw, 436px\" \/>\n                <\/div>\n                \n                <div class=\"elementskit-box-body ekit-image-box-body\">\n                    <div class=\"elementskit-box-content ekit-image-box-body-inner\">\n                                                <h3 class=\"elementskit-info-box-title\">\n\n                        Journ\u00e9e des fleurs\n                        \n                    <\/h3>\n                                                            <div class=\"elementskit-box-style-content\">\n                        Visite aux r\u00e9sidents du H\u00f4me Haeffely, et du foyer Marc Duval, avec des fleurs cueillies dans nos jardins.\nLe samedi 3 septembre 2024.                    <\/div>\n                                    <\/div>\n\n                            <\/div>\n            <\/div>\n    <\/div>\t\t<\/div>\n\t\t\t\t<\/div>\n\t\t\t\t\t<\/div>\n\t\t<\/div>\n\t\t\t\t<div class=\"elementor-column elementor-col-33 elementor-top-column elementor-element elementor-element-4e9cbcd\" data-id=\"4e9cbcd\" data-element_type=\"column\">\n\t\t\t<div class=\"elementor-widget-wrap elementor-element-populated\">\n\t\t\t\t\t\t<div class=\"elementor-element elementor-element-859fb83 ekit-equal-height-disable elementor-widget elementor-widget-elementskit-image-box\" data-id=\"859fb83\" data-element_type=\"widget\" data-widget_type=\"elementskit-image-box.default\">\n\t\t\t\t<div class=\"elementor-widget-container\">\n\t\t\t<div class=\"ekit-wid-con\" >\n            <div class=\"elementskit-info-image-box ekit-image-box text-center simple-card\" >\n\n                \n                <div class=\"elementskit-box-header image-box-img-center\">\n\n                    <img decoding=\"async\" width=\"471\" height=\"472\" src=\"https:\/\/jardinschoffpfastatt.fr\/wp-content\/uploads\/2020\/03\/pannel-aout.jpg\" class=\"attachment-medium_large size-medium_large wp-image-74\" alt=\"\" srcset=\"https:\/\/jardinschoffpfastatt.fr\/wp-content\/uploads\/2020\/03\/pannel-aout.jpg 471w, https:\/\/jardinschoffpfastatt.fr\/wp-content\/uploads\/2020\/03\/pannel-aout-300x300.jpg 300w, https:\/\/jardinschoffpfastatt.fr\/wp-content\/uploads\/2020\/03\/pannel-aout-150x150.jpg 150w\" sizes=\"(max-width: 471px) 100vw, 471px\" \/>\n                <\/div>\n                \n                <div class=\"elementskit-box-body ekit-image-box-body\">\n                    <div class=\"elementskit-box-content ekit-image-box-body-inner\">\n                                                <h3 class=\"elementskit-info-box-title\">\n\n                        Le concours des jardins.\n                        \n                    <\/h3>\n                                                        <\/div>\n\n                            <\/div>\n            <\/div>\n    <\/div>\t\t<\/div>\n\t\t\t\t<\/div>\n\t\t\t\t\t<\/div>\n\t\t<\/div>\n\t\t\t\t\t<\/div>\n\t\t<\/section>\n\t\t\t\t<\/div>\n\t\t","protected":false},"excerpt":{"rendered":"<p>Journ\u00e9e des fleurs Visite aux r\u00e9sidents du H\u00f4me Haeffely, et du foyer Marc Duval, avec des fleurs cueillies dans nos jardins. Le samedi 3 septembre 2024. Le concours des jardins.<\/p>\n","protected":false},"author":1,"featured_media":0,"parent":0,"menu_order":0,"comment_status":"closed","ping_status":"closed","template":"","meta":{"footnotes":""},"class_list":["post-71","page","type-page","status-publish","hentry"],"_links":{"self":[{"href":"https:\/\/jardinschoffpfastatt.fr\/index.php?rest_route=\/wp\/v2\/pages\/71","targetHints":{"allow":["GET"]}}],"collection":[{"href":"https:\/\/jardinschoffpfastatt.fr\/index.php?rest_route=\/wp\/v2\/pages"}],"about":[{"href":"https:\/\/jardinschoffpfastatt.fr\/index.php?rest_route=\/wp\/v2\/types\/page"}],"author":[{"embeddable":true,"href":"https:\/\/jardinschoffpfastatt.fr\/index.php?rest_route=\/wp\/v2\/users\/1"}],"replies":[{"embeddable":true,"href":"https:\/\/jardinschoffpfastatt.fr\/index.php?rest_route=%2Fwp%2Fv2%2Fcomments&post=71"}],"version-history":[{"count":21,"href":"https:\/\/jardinschoffpfastatt.fr\/index.php?rest_route=\/wp\/v2\/pages\/71\/revisions"}],"predecessor-version":[{"id":259,"href":"https:\/\/jardinschoffpfastatt.fr\/index.php?rest_route=\/wp\/v2\/pages\/71\/revisions\/259"}],"wp:attachment":[{"href":"https:\/\/jardinschoffpfastatt.fr\/index.php?rest_route=%2Fwp%2Fv2%2Fmedia&parent=71"}],"curies":[{"name":"wp","href":"https:\/\/api.w.org\/{rel}","templated":true}]}}