{"id":81,"date":"2020-03-09T13:30:41","date_gmt":"2020-03-09T12:30:41","guid":{"rendered":"http:\/\/jardinschoffpfastatt.fr\/?page_id=81"},"modified":"2020-03-09T13:42:21","modified_gmt":"2020-03-09T12:42:21","slug":"attribution-dun-jardin","status":"publish","type":"page","link":"https:\/\/jardinschoffpfastatt.fr\/?page_id=81","title":{"rendered":"Attribution d&rsquo;un jardin"},"content":{"rendered":"\t\t<div data-elementor-type=\"wp-page\" data-elementor-id=\"81\" class=\"elementor elementor-81\">\n\t\t\t\t\t\t<section class=\"elementor-section elementor-top-section elementor-element elementor-element-bab6942 elementor-section-boxed elementor-section-height-default elementor-section-height-default\" data-id=\"bab6942\" data-element_type=\"section\">\n\t\t\t\t\t\t<div class=\"elementor-container elementor-column-gap-default\">\n\t\t\t\t\t<div class=\"elementor-column elementor-col-100 elementor-top-column elementor-element elementor-element-f8f879c\" data-id=\"f8f879c\" data-element_type=\"column\">\n\t\t\t<div class=\"elementor-widget-wrap elementor-element-populated\">\n\t\t\t\t\t\t<div class=\"elementor-element elementor-element-76d2846 elementor-widget elementor-widget-text-editor\" data-id=\"76d2846\" data-element_type=\"widget\" data-widget_type=\"text-editor.default\">\n\t\t\t\t<div class=\"elementor-widget-container\">\n\t\t\t\t\t\t\t<p>Les demandes d&rsquo;attribution sont \u00e0 faire \u00e0 l&rsquo;aide du formulaire de demande de jardin d\u00fbment compl\u00e9t\u00e9 auquel il y a lieu de joindre :<br \/>&#8211; une photocopie de la pi\u00e8ce d&rsquo;identit\u00e9.<br \/>&#8211; deux photos d&rsquo;identit\u00e9 r\u00e9centes.<br \/>&#8211; un certificat de domicile.<br \/>&#8211; un ch\u00e8que de 15\u20ac.<br \/>&#8211; une attestation d&rsquo;assurance en responsabilit\u00e9 civile (RC) \u00e0 jour lors de la remise du jardin.<\/p><p>les jardins disponibles sont attribu\u00e9s par le bureau dans l&rsquo;ordre des inscriptions sur la liste d&rsquo;attente. Il pourra toutefois \u00eatre d\u00e9rog\u00e9 \u00e0 cette r\u00e8gle pour r\u00e9pondre aux besoins premiers de l&rsquo;association et des demandes des familles dans le besoin.\u00a0<\/p>\t\t\t\t\t\t<\/div>\n\t\t\t\t<\/div>\n\t\t\t\t\t<\/div>\n\t\t<\/div>\n\t\t\t\t\t<\/div>\n\t\t<\/section>\n\t\t\t\t<\/div>\n\t\t","protected":false},"excerpt":{"rendered":"<p>Les demandes d&rsquo;attribution sont \u00e0 faire \u00e0 l&rsquo;aide du formulaire de demande de jardin d\u00fbment compl\u00e9t\u00e9 auquel il y a lieu de joindre :&#8211; une photocopie de la pi\u00e8ce d&rsquo;identit\u00e9.&#8211; deux photos d&rsquo;identit\u00e9 r\u00e9centes.&#8211; un certificat de domicile.&#8211; un ch\u00e8que de 15\u20ac.&#8211; une attestation d&rsquo;assurance en responsabilit\u00e9 civile (RC) \u00e0 jour lors de la remise [&hellip;]<\/p>\n","protected":false},"author":1,"featured_media":0,"parent":0,"menu_order":0,"comment_status":"closed","ping_status":"closed","template":"","meta":{"footnotes":""},"class_list":["post-81","page","type-page","status-publish","hentry"],"_links":{"self":[{"href":"https:\/\/jardinschoffpfastatt.fr\/index.php?rest_route=\/wp\/v2\/pages\/81","targetHints":{"allow":["GET"]}}],"collection":[{"href":"https:\/\/jardinschoffpfastatt.fr\/index.php?rest_route=\/wp\/v2\/pages"}],"about":[{"href":"https:\/\/jardinschoffpfastatt.fr\/index.php?rest_route=\/wp\/v2\/types\/page"}],"author":[{"embeddable":true,"href":"https:\/\/jardinschoffpfastatt.fr\/index.php?rest_route=\/wp\/v2\/users\/1"}],"replies":[{"embeddable":true,"href":"https:\/\/jardinschoffpfastatt.fr\/index.php?rest_route=%2Fwp%2Fv2%2Fcomments&post=81"}],"version-history":[{"count":2,"href":"https:\/\/jardinschoffpfastatt.fr\/index.php?rest_route=\/wp\/v2\/pages\/81\/revisions"}],"predecessor-version":[{"id":83,"href":"https:\/\/jardinschoffpfastatt.fr\/index.php?rest_route=\/wp\/v2\/pages\/81\/revisions\/83"}],"wp:attachment":[{"href":"https:\/\/jardinschoffpfastatt.fr\/index.php?rest_route=%2Fwp%2Fv2%2Fmedia&parent=81"}],"curies":[{"name":"wp","href":"https:\/\/api.w.org\/{rel}","templated":true}]}}